{"id":7951,"date":"2014-05-20T07:23:56","date_gmt":"2014-05-20T07:23:56","guid":{"rendered":"https:\/\/andreahinnen.com\/konzept\/"},"modified":"2024-11-14T03:53:48","modified_gmt":"2024-11-14T03:53:48","slug":"konzept","status":"publish","type":"page","link":"https:\/\/andreahinnen.com\/de\/konzept\/","title":{"rendered":"Konzept"},"content":{"rendered":"<div class=\"wp-block-uagb-container uagb-block-a593a8c6 alignfull uagb-is-root-container\"><div class=\"wp-block-group alignfull is-nowrap is-layout-flex wp-container-core-group-is-layout-1 wp-block-group-is-layout-flex\"><div class=\"wp-block-columns is-layout-flex wp-container-core-columns-is-layout-1 wp-block-columns-is-layout-flex\" style=\"padding-top:0;padding-right:0px;padding-bottom:0;padding-left:0px\"><div class=\"wp-block-column order-0 order-md-1 is-layout-flow wp-block-column-is-layout-flow\" style=\"flex-basis:66.66%\"><div class=\"wp-block-uagb-advanced-heading uagb-block-e9ecc498\"><h1 class=\"uagb-heading-text\">Konzept<\/h1><\/div>\n\n<p>Andrea Hinnen hat sich bereits mit ihrem Badeshorts-Label AQUABOOT einen Namen als Spezialistin f\u00fcr eigenwillige und frische und vor allem farbenfrohe Textil-Prints gemacht. \u00abFarbe = Lebensfreude\u00bb, davon ist die Designerin \u00fcberzeugt, und so sollen ihre Kollektionen viel Lebenslust in die Welt und den Alltag tragen. Dieses Konzept f\u00fchrt sie denn auch mit ihrem 2011 gegr\u00fcndeten Label ANDREA HINNEN und ihren neuen Kreationen f\u00fcr Frauen \u2013 Bademode, Kleider, Jupes, Shirts und Accessoires \u2013 konsequent fort.<\/p>\n<p>Das Fundament zu Andrea Hinnens Kollektionen bilden ihre aussergew\u00f6hnlichen Textilmuster, die sie allesamt selbst entwirft. Sie verantwortet und \u00fcberwacht den kompletten Herstellungsprozess, von der Wahl der Rohstoffe \u00fcber das Drucken der Stoffe und die Erarbeitung der Schnittmuster bis hin zur Ausf\u00fchrung der Details. Die Stoffe werden in Spanien nach Oeko-Tex\u00ae Standard 100 in exklusiven Serien produziert; spezialisierte Konfektionsfabriken in Spanien oder Portugal fertigen die einzelnen kleinen Kollektionen. Somit garantiert Andrea Hinnen qualitativ hochwertige, von Grund auf individuelle Produkte mit absolut unverkennbarer Handschrift<\/p>\n<p>\u2013 by ANDREA HINNEN.<\/p><\/div>\n\n<div class=\"wp-block-column order-1 order-md-0 is-layout-flow wp-block-column-is-layout-flow\" style=\"flex-basis:33.33%\"><figure class=\"wp-block-image size-full\"><img loading=\"lazy\" decoding=\"async\" width=\"1707\" height=\"2560\" src=\"https:\/\/andreahinnen.com\/wp-content\/uploads\/2024\/11\/a_hinnen_0209_177-scaled.jpg\" alt=\"Andrea-Hinnen\" class=\"wp-image-15178\" srcset=\"https:\/\/andreahinnen.com\/wp-content\/uploads\/2024\/11\/a_hinnen_0209_177-scaled.jpg 1707w, https:\/\/andreahinnen.com\/wp-content\/uploads\/2024\/11\/a_hinnen_0209_177-200x300.jpg 200w, https:\/\/andreahinnen.com\/wp-content\/uploads\/2024\/11\/a_hinnen_0209_177-683x1024.jpg 683w, https:\/\/andreahinnen.com\/wp-content\/uploads\/2024\/11\/a_hinnen_0209_177-768x1152.jpg 768w, https:\/\/andreahinnen.com\/wp-content\/uploads\/2024\/11\/a_hinnen_0209_177-1024x1536.jpg 1024w, https:\/\/andreahinnen.com\/wp-content\/uploads\/2024\/11\/a_hinnen_0209_177-1365x2048.jpg 1365w, https:\/\/andreahinnen.com\/wp-content\/uploads\/2024\/11\/a_hinnen_0209_177-1000x1500.jpg 1000w, https:\/\/andreahinnen.com\/wp-content\/uploads\/2024\/11\/a_hinnen_0209_177-600x900.jpg 600w\" sizes=\"auto, (max-width: 1707px) 100vw, 1707px\" \/><\/figure><\/div><\/div><\/div><\/div>","protected":false},"excerpt":{"rendered":"<p>Konzept Andrea Hinnen hat sich bereits mit ihrem Badeshorts-Label AQUABOOT einen Namen als Spezialistin f\u00fcr eigenwillige und frische und vor [&hellip;]<\/p>\n","protected":false},"author":1,"featured_media":0,"parent":0,"menu_order":0,"comment_status":"closed","ping_status":"closed","template":"","meta":{"_acf_changed":false,"_uag_custom_page_level_css":"","site-sidebar-layout":"default","site-content-layout":"","ast-site-content-layout":"","site-content-style":"default","site-sidebar-style":"default","ast-global-header-display":"","ast-banner-title-visibility":"","ast-main-header-display":"","ast-hfb-above-header-display":"","ast-hfb-below-header-display":"","ast-hfb-mobile-header-display":"","site-post-title":"disabled","ast-breadcrumbs-content":"","ast-featured-img":"disabled","footer-sml-layout":"","theme-transparent-header-meta":"","adv-header-id-meta":"","stick-header-meta":"","header-above-stick-meta":"","header-main-stick-meta":"","header-below-stick-meta":"","astra-migrate-meta-layouts":"default","ast-page-background-enabled":"default","ast-page-background-meta":{"desktop":{"background-color":"var(--ast-global-color-4)","background-image":"","background-repeat":"repeat","background-position":"center center","background-size":"auto","background-attachment":"scroll","background-type":"","background-media":"","overlay-type":"","overlay-color":"","overlay-opacity":"","overlay-gradient":""},"tablet":{"background-color":"","background-image":"","background-repeat":"repeat","background-position":"center center","background-size":"auto","background-attachment":"scroll","background-type":"","background-media":"","overlay-type":"","overlay-color":"","overlay-opacity":"","overlay-gradient":""},"mobile":{"background-color":"","background-image":"","background-repeat":"repeat","background-position":"center center","background-size":"auto","background-attachment":"scroll","background-type":"","background-media":"","overlay-type":"","overlay-color":"","overlay-opacity":"","overlay-gradient":""}},"ast-content-background-meta":{"desktop":{"background-color":"var(--ast-global-color-5)","background-image":"","background-repeat":"repeat","background-position":"center center","background-size":"auto","background-attachment":"scroll","background-type":"","background-media":"","overlay-type":"","overlay-color":"","overlay-opacity":"","overlay-gradient":""},"tablet":{"background-color":"var(--ast-global-color-5)","background-image":"","background-repeat":"repeat","background-position":"center center","background-size":"auto","background-attachment":"scroll","background-type":"","background-media":"","overlay-type":"","overlay-color":"","overlay-opacity":"","overlay-gradient":""},"mobile":{"background-color":"var(--ast-global-color-5)","background-image":"","background-repeat":"repeat","background-position":"center center","background-size":"auto","background-attachment":"scroll","background-type":"","background-media":"","overlay-type":"","overlay-color":"","overlay-opacity":"","overlay-gradient":""}},"footnotes":""},"class_list":["post-7951","page","type-page","status-publish","hentry"],"acf":[],"uagb_featured_image_src":{"full":false,"thumbnail":false,"medium":false,"medium_large":false,"large":false,"1536x1536":false,"2048x2048":false,"woocommerce_thumbnail":false,"woocommerce_single":false,"woocommerce_gallery_thumbnail":false,"variation_swatches_image_size":false,"variation_swatches_tooltip_size":false},"uagb_author_info":{"display_name":"admin","author_link":"https:\/\/andreahinnen.com\/de\/author\/admin\/"},"uagb_comment_info":0,"uagb_excerpt":"Konzept Andrea Hinnen hat sich bereits mit ihrem Badeshorts-Label AQUABOOT einen Namen als Spezialistin f\u00fcr eigenwillige und frische und vor [&hellip;]","_links":{"self":[{"href":"https:\/\/andreahinnen.com\/de\/wp-json\/wp\/v2\/pages\/7951","targetHints":{"allow":["GET"]}}],"collection":[{"href":"https:\/\/andreahinnen.com\/de\/wp-json\/wp\/v2\/pages"}],"about":[{"href":"https:\/\/andreahinnen.com\/de\/wp-json\/wp\/v2\/types\/page"}],"author":[{"embeddable":true,"href":"https:\/\/andreahinnen.com\/de\/wp-json\/wp\/v2\/users\/1"}],"replies":[{"embeddable":true,"href":"https:\/\/andreahinnen.com\/de\/wp-json\/wp\/v2\/comments?post=7951"}],"version-history":[{"count":12,"href":"https:\/\/andreahinnen.com\/de\/wp-json\/wp\/v2\/pages\/7951\/revisions"}],"predecessor-version":[{"id":15181,"href":"https:\/\/andreahinnen.com\/de\/wp-json\/wp\/v2\/pages\/7951\/revisions\/15181"}],"wp:attachment":[{"href":"https:\/\/andreahinnen.com\/de\/wp-json\/wp\/v2\/media?parent=7951"}],"curies":[{"name":"wp","href":"https:\/\/api.w.org\/{rel}","templated":true}]}}